{"id":11,"date":"2021-01-05T08:43:20","date_gmt":"2021-01-05T07:43:20","guid":{"rendered":"http:\/\/judith.ibenbaadsgaard.dk\/index.php\/one-page-express\/"},"modified":"2023-07-21T17:22:51","modified_gmt":"2023-07-21T15:22:51","slug":"one-page-express","status":"publish","type":"page","link":"https:\/\/judith.ibenbaadsgaard.dk\/","title":{"rendered":"Forside"},"content":{"rendered":"<div id=\"content-3\" class=\"content-left-image-section content-image-left\" style=\"background-color: #f6f6f6;\" data-label=\"Content\" data-id=\"content-image-left\" data-category=\"content\">\n<div class=\"gridContainer\">\n<div class=\"row\">\n<div class=\"content-left-image-imgcol\" data-type=\"column\"><img loading=\"lazy\" decoding=\"async\" width=\"2560\" height=\"1653\" class=\"alignnone size-medium wp-image-180\" src=\"http:\/\/judith.ibenbaadsgaard.dk\/wp-content\/uploads\/2023\/07\/20230713_085401053_iOS-scaled.jpg\" sizes=\"auto, (max-width: 300px) 100vw, 300px\" alt=\"\" srcset=\"https:\/\/judith.ibenbaadsgaard.dk\/wp-content\/uploads\/2023\/07\/20230713_085401053_iOS-scaled.jpg 2560w, https:\/\/judith.ibenbaadsgaard.dk\/wp-content\/uploads\/2023\/07\/20230713_085401053_iOS-300x194.jpg 300w, https:\/\/judith.ibenbaadsgaard.dk\/wp-content\/uploads\/2023\/07\/20230713_085401053_iOS-1024x661.jpg 1024w, https:\/\/judith.ibenbaadsgaard.dk\/wp-content\/uploads\/2023\/07\/20230713_085401053_iOS-768x496.jpg 768w, https:\/\/judith.ibenbaadsgaard.dk\/wp-content\/uploads\/2023\/07\/20230713_085401053_iOS-1536x992.jpg 1536w, https:\/\/judith.ibenbaadsgaard.dk\/wp-content\/uploads\/2023\/07\/20230713_085401053_iOS-2048x1322.jpg 2048w, https:\/\/judith.ibenbaadsgaard.dk\/wp-content\/uploads\/2023\/07\/20230713_085401053_iOS-1673x1080.jpg 1673w\" \/><\/div>\n<div class=\"content-left-image-textcol dynamic-color\" data-type=\"column\">\n<h2 class=\"\">Det er med sorg i hjertet<\/h2>\n<p class=\"large_text\">K\u00e6re alle<\/p>\n<p class=\"large_text\">\nDet er med sorg i hjertet at vi m\u00e5 fort\u00e6lle, at Judith Baadsgaard d\u00f8de natten til tirsdag den 11.7.2023 p\u00e5 Randers Hospital. Judith var kr\u00e6ftsyg af flere omgange de seneste \u00e5r \u2013 og det sidste halve \u00e5r var hun alvorligt syg.<\/p>\n<p class=\"large_text\">K\u00e6rlig hilsen<\/p>\n\nFamilien\n\n<\/div>\n<\/div>\n<\/div>\n<\/div>\n<div id=\"content-1\" class=\"content-full-left-image-section\" style=\"background-color: #ffffff;\" data-label=\"Content\" data-id=\"content-full-left-image-section\" data-category=\"content\">\n<div class=\"content-full-left-image-innerrow\">\n<div class=\"content-full-left-image-imgcol\" style=\"background-image: url('http:\/\/judith.ibenbaadsgaard.dk\/wp-content\/uploads\/2021\/01\/water-lily-2334163_1920.jpg');\" data-bg=\"image\"><\/div>\n<div class=\"content-full-left-image-textcol dynamic-color\">\n<div class=\"\" data-type=\"column\">\n<h5 class=\"\">AT F\u00c5 PROBLEMER ER ALMINDELIGT<\/h5>\n<h2 class=\"\">\u2013 at arbejde med dem er n\u00f8dvendigt, og at s\u00f8ge hj\u00e6lp kan v\u00e6re relevant<\/h2>\n<div class=\"\">Mennesker forandrer og udvikler sig hele livet i samspil med deres indre, deres relationer til andre mennesker og den ydre verden.<\/div>\n<div class=\"\"><\/div>\n<div class=\"\"><\/div>\n<div class=\"\"><span style=\"font-size: inherit;\">Forandringer sker som en livslang og naturlig proces, som drives frem af vores forskellige aldersperioder og begivenheder i vores liv. <\/span><\/div>\n<div class=\"\"><\/div>\n<div class=\"\">N\u00f8dvendigheden af at tilpasse sig stadigt nye livsomst\u00e6ndigheder er et grundvilk\u00e5r for mennesker.<\/div>\n<div class=\"\"><\/div>\n<div class=\"\">\n<div>Og dog slipper vi ikke gerne vores vante forestillinger, tanker og handlem\u00f8nstre<\/div>\n<\/div>\n<\/div>\n<\/div>\n<\/div>\n<\/div>\n<div id=\"features-2\" class=\"features-image-cards-section\" style=\"background-color: #ffffff;\" data-label=\"Features\" data-id=\"features-image-cards-section\" data-category=\"features\">\n<div class=\"gridContainer\">\n<div class=\"features-image-cards-textrow\">\n<div class=\"features-image-cards-textcol dynamic-color\" data-type=\"column\">\n<h2 class=\"\">Essensen i vores samtaler<\/h2>\n<p class=\"\">I vores samtaler benytter jeg mig af en lang r\u00e6kke metoder og erfaringer \u2013 alle har jeg b\u00e5de faglig og personlig gode erfaringer med.<\/p>\n<p class=\"\">Her vil jeg fremh\u00e6ve tre af de v\u00e6sentligste tilgange:<\/p>\n\n<\/div>\n<\/div>\n<div class=\"features-image-cards-innerrow flexbox-list dark-text\" data-type=\"row\">\n<div class=\"features-image-cards-cardcol cp4cols cp6cols-tablet\">\n<div class=\"features-image-cards-cardrow\">\n<div class=\"features-image-cards-cardtextrow\" data-type=\"column\">\n<ul class=\"\">\n \t<li>Healing<\/li>\n \t<li>Spiritualitet og spirituelle hj\u00e6lpere<\/li>\n \t<li>Meditation<\/li>\n<\/ul>\n<p class=\"\"><\/p>\n\n<\/div>\n<\/div>\n<\/div>\n<div class=\"features-image-cards-cardcol cp4cols cp6cols-tablet\">\n<div class=\"features-image-cards-cardrow\"><img decoding=\"async\" class=\"features-image-cards-featimg\" src=\"http:\/\/judith.ibenbaadsgaard.dk\/wp-content\/uploads\/2021\/01\/stained-glass-1181864_1920.jpg\" alt=\"\" \/>\n\n<\/div>\n<\/div>\n<\/div>\n<\/div>\n<\/div>","protected":false},"excerpt":{"rendered":"<p>Det er med sorg i hjertet K\u00e6re alle Det er med sorg i hjertet at vi m\u00e5 fort\u00e6lle, at Judith Baadsgaard d\u00f8de natten til tirsdag den 11.7.2023 p\u00e5 Randers Hospital. Judith var kr\u00e6ftsyg af flere omgange de seneste \u00e5r \u2013 og det sidste halve \u00e5r var hun alvorligt syg. K\u00e6rlig hilsen Familien AT F\u00c5 PROBLEMER&hellip; <br \/> <a class=\"button small blue\" href=\"https:\/\/judith.ibenbaadsgaard.dk\/index.php\/2021\/01\/04\/hello-world\/\">L\u00e6s mere<\/a><\/p>\n","protected":false},"author":1,"featured_media":57,"parent":0,"menu_order":0,"comment_status":"closed","ping_status":"closed","template":"","meta":{"footnotes":""},"class_list":["post-11","page","type-page","status-publish","has-post-thumbnail","hentry"],"_links":{"self":[{"href":"https:\/\/judith.ibenbaadsgaard.dk\/index.php\/wp-json\/wp\/v2\/pages\/11","targetHints":{"allow":["GET"]}}],"collection":[{"href":"https:\/\/judith.ibenbaadsgaard.dk\/index.php\/wp-json\/wp\/v2\/pages"}],"about":[{"href":"https:\/\/judith.ibenbaadsgaard.dk\/index.php\/wp-json\/wp\/v2\/types\/page"}],"author":[{"embeddable":true,"href":"https:\/\/judith.ibenbaadsgaard.dk\/index.php\/wp-json\/wp\/v2\/users\/1"}],"replies":[{"embeddable":true,"href":"https:\/\/judith.ibenbaadsgaard.dk\/index.php\/wp-json\/wp\/v2\/comments?post=11"}],"version-history":[{"count":50,"href":"https:\/\/judith.ibenbaadsgaard.dk\/index.php\/wp-json\/wp\/v2\/pages\/11\/revisions"}],"predecessor-version":[{"id":188,"href":"https:\/\/judith.ibenbaadsgaard.dk\/index.php\/wp-json\/wp\/v2\/pages\/11\/revisions\/188"}],"wp:featuredmedia":[{"embeddable":true,"href":"https:\/\/judith.ibenbaadsgaard.dk\/index.php\/wp-json\/wp\/v2\/media\/57"}],"wp:attachment":[{"href":"https:\/\/judith.ibenbaadsgaard.dk\/index.php\/wp-json\/wp\/v2\/media?parent=11"}],"curies":[{"name":"wp","href":"https:\/\/api.w.org\/{rel}","templated":true}]}}