{"id":2,"date":"2021-01-04T19:07:22","date_gmt":"2021-01-04T19:07:22","guid":{"rendered":"http:\/\/judith.ibenbaadsgaard.dk\/?page_id=2"},"modified":"2021-01-06T15:52:15","modified_gmt":"2021-01-06T14:52:15","slug":"sample-page","status":"publish","type":"page","link":"https:\/\/judith.ibenbaadsgaard.dk\/index.php\/sample-page\/","title":{"rendered":"Min baggrund"},"content":{"rendered":"\n<p>Jeg er uddannet psykolog fra \u00c5rhus universitet i 1985 og er autoriseret af Socialministeriets Psykologn\u00e6vn.<br>Jeg arbejder uden sygesikring &#8211; men du kan f\u00e5 tilskud til behandling fra sygeforsikringen Danmark, hvis du er medlem.<\/p>\n\n\n\n<p>Gennem mit virke som psykolog har jeg opbygget erfaring med og uddannelse indenfor terapi med b\u00f8rn, voksne og familier i vanskelige livssituationer.<\/p>\n\n\n\n<p>Jeg har som supervisor og konsulent fokus p\u00e5 medarbejderens- og organisationens forandringsprocesser og -potentialer. Jeg underviser, afholder kurser og foredrag.<\/p>\n\n\n\n<p>Jeg inddrager i mit arbejde tilgange som integrerer den menneskelige helhed af krop, sind og \u00e5nd.<\/p>\n\n\n\n<h2 class=\"wp-block-heading\">Uddannelse<\/h2>\n\n\n\n<p>Cand.psych. \u00c5rhus Universitet, 1985.<br>Autoriseret af socialministeriets psykologn\u00e6vn, 1994.<\/p>\n\n\n\n<p>Dybdepsykologisk, energi- og erkendelsesteoretisk efteruddannelse hos filosof Asta Fink, 1984-92Certificeret facilitator i holotropisk \u00e5ndedr\u00e6tsterapi (Stanislav Grof), 2005 &#8211; L\u00e6s mere p\u00e5&nbsp;<a href=\"http:\/\/www.holotropi.dk\/\">www.holotropi.dk<\/a>&nbsp;og&nbsp;<a href=\"http:\/\/www.holotropic.com\/\">www.holotropic.com<\/a><br><\/p>\n\n\n\n<h2 class=\"wp-block-heading\">Efteruddannelseskurser inden for<\/h2>\n\n\n\n<ul class=\"wp-block-list\"><li>krise \u2013 tab \u2013 sorg \u2013 d\u00f8d<\/li><li>eksistentielle livstemaer<\/li><li>psykosociale f\u00f8lger af alvorlig sygdom<\/li><li>familiebehandling<\/li><li>krop- dr\u00f8mme- og tegneterapi<\/li><li>meditation<\/li><li>energiarbejde<\/li><li>supervision &#8211; konsultation<\/li><li>projektledelse<\/li><\/ul>\n\n\n\n<h2 class=\"wp-block-heading\">Arbejdserfaringer<\/h2>\n\n\n\n<ul class=\"wp-block-list\"><li>Psykolog i Kr\u00e6ftens Bek\u00e6mpelse og leder af Kr\u00e6ftr\u00e5dgivningen i Viborg Amt, 2000\u20132006.<\/li><li>Udviklingskonsulent for Viborg Kommunes daginstitutions- og dagplejeomr\u00e5de, 1995\u20132000.<\/li><li>Psykolog i Viborg Kommunes psykologafdeling, 1990-95.&nbsp;<\/li><li>Psykolog i Viborg Kommunes familieafdeling, 1988-90.&nbsp;<\/li><li>Underviser p\u00e5 Viborg Amts Sygeplejeskole, 1989\u201391.&nbsp;Deltidsprivatpraktiserende psykolog i Skive, 1987\u201392.&nbsp;<\/li><li>St\u00f8ttepsykolog i Skive Kommunes socialforvaltning, 1985-87<\/li><\/ul>\n\n\n\n<figure class=\"wp-block-image size-large\"><img loading=\"lazy\" decoding=\"async\" width=\"1024\" height=\"683\" src=\"http:\/\/judith.ibenbaadsgaard.dk\/wp-content\/uploads\/2021\/01\/water-lily-2334163_1920-1024x683.jpg\" alt=\"\" class=\"wp-image-38\" srcset=\"https:\/\/judith.ibenbaadsgaard.dk\/wp-content\/uploads\/2021\/01\/water-lily-2334163_1920-1024x683.jpg 1024w, https:\/\/judith.ibenbaadsgaard.dk\/wp-content\/uploads\/2021\/01\/water-lily-2334163_1920-300x200.jpg 300w, https:\/\/judith.ibenbaadsgaard.dk\/wp-content\/uploads\/2021\/01\/water-lily-2334163_1920-768x512.jpg 768w, https:\/\/judith.ibenbaadsgaard.dk\/wp-content\/uploads\/2021\/01\/water-lily-2334163_1920-1536x1024.jpg 1536w, https:\/\/judith.ibenbaadsgaard.dk\/wp-content\/uploads\/2021\/01\/water-lily-2334163_1920-1620x1080.jpg 1620w, https:\/\/judith.ibenbaadsgaard.dk\/wp-content\/uploads\/2021\/01\/water-lily-2334163_1920.jpg 1920w\" sizes=\"auto, (max-width: 1024px) 100vw, 1024px\" \/><\/figure>\n","protected":false},"excerpt":{"rendered":"<p>Jeg er uddannet psykolog fra \u00c5rhus universitet i 1985 og er autoriseret af Socialministeriets Psykologn\u00e6vn.Jeg arbejder uden sygesikring &#8211; men du kan f\u00e5 tilskud til behandling fra sygeforsikringen Danmark, hvis du er medlem. Gennem mit virke som psykolog har jeg opbygget erfaring med og uddannelse indenfor terapi med b\u00f8rn, voksne og familier i vanskelige livssituationer.&hellip; <br \/> <a class=\"button small blue\" href=\"https:\/\/judith.ibenbaadsgaard.dk\/index.php\/sample-page\/\">L\u00e6s mere<\/a><\/p>\n","protected":false},"author":1,"featured_media":0,"parent":0,"menu_order":0,"comment_status":"closed","ping_status":"open","template":"","meta":{"footnotes":""},"class_list":["post-2","page","type-page","status-publish","hentry"],"_links":{"self":[{"href":"https:\/\/judith.ibenbaadsgaard.dk\/index.php\/wp-json\/wp\/v2\/pages\/2","targetHints":{"allow":["GET"]}}],"collection":[{"href":"https:\/\/judith.ibenbaadsgaard.dk\/index.php\/wp-json\/wp\/v2\/pages"}],"about":[{"href":"https:\/\/judith.ibenbaadsgaard.dk\/index.php\/wp-json\/wp\/v2\/types\/page"}],"author":[{"embeddable":true,"href":"https:\/\/judith.ibenbaadsgaard.dk\/index.php\/wp-json\/wp\/v2\/users\/1"}],"replies":[{"embeddable":true,"href":"https:\/\/judith.ibenbaadsgaard.dk\/index.php\/wp-json\/wp\/v2\/comments?post=2"}],"version-history":[{"count":4,"href":"https:\/\/judith.ibenbaadsgaard.dk\/index.php\/wp-json\/wp\/v2\/pages\/2\/revisions"}],"predecessor-version":[{"id":155,"href":"https:\/\/judith.ibenbaadsgaard.dk\/index.php\/wp-json\/wp\/v2\/pages\/2\/revisions\/155"}],"wp:attachment":[{"href":"https:\/\/judith.ibenbaadsgaard.dk\/index.php\/wp-json\/wp\/v2\/media?parent=2"}],"curies":[{"name":"wp","href":"https:\/\/api.w.org\/{rel}","templated":true}]}}